{"id":114,"date":"2014-03-14T21:54:52","date_gmt":"2014-03-14T21:54:52","guid":{"rendered":"http:\/\/www.tcacontabil.com.br\/wordpress\/?page_id=114"},"modified":"2021-04-17T10:10:40","modified_gmt":"2021-04-17T13:10:40","slug":"contatos","status":"publish","type":"page","link":"http:\/\/www.tcacontabil.com.br\/wordpress\/contatos\/","title":{"rendered":"Contatos"},"content":{"rendered":"<p><iframe loading=\"lazy\" width=\"600\" height=\"450\" style=\"border: 0;\" src=\"https:\/\/www.google.com\/maps\/embed?pb=!1m18!1m12!1m3!1d467.961340189526!2d-40.272019317466494!3d-20.230169063301037!2m3!1f0!2f0!3f0!3m2!1i1024!2i768!4f13.1!3m3!1m2!1s0xb818e0a0a0b6d3%3A0x8f72800788fb3fb2!2sR.+Santos+Dumont%2C+19+-+Ros%C3%A1rio+de+F%C3%A1tima%2C+Serra+-+ES%2C+29161-145!5e0!3m2!1spt-BR!2sbr!4v1444834060099\" frameborder=\"0\" allowfullscreen=\"allowfullscreen\"><\/iframe><\/p>\n<p><b><i><a href=\"mailto:tca@tcacontabil.com.br\">tca@tcacontabil.com.br<\/a><\/i><\/b><\/p>\n<p>Av. Santos Dumont, 19, 2\u00ba Andar, Sala 01, Bairro Ros\u00e1rio de F\u00e1tima, Serra, ES, CEP:29161-145.<\/p>\n<p>Ponto de Refer\u00eancia:\u00a0 atr\u00e1s do Banestes Ag 0205 Carapina entre a Rua M. e Rua S\u00e3o Domingos, em frente ao Material de Constru\u00e7\u00e3o Carraras.<\/p>\n<p>Telefones:<\/p>\n<p>55 27 9818502-01 \/ 55 27 99946-0720<\/p>\n<div class='share-to-whatsapp-wrapper'><div class='share-on-whsp'>Share on: <\/div><a data-text='Contatos' data-link='http:\/\/www.tcacontabil.com.br\/wordpress\/contatos\/' class='whatsapp-button whatsapp-share'>WhatsApp<\/a><div class='clear '><\/div><\/div><div id=\"wp_fb_like_button\" style=\"margin:5px 0;float:none;height:100px;\"><script src=\"http:\/\/connect.facebook.net\/en_US\/all.js#xfbml=1\"><\/script><fb:like href=\"http:\/\/www.tcacontabil.com.br\/wordpress\/contatos\/\" send=\"true\" layout=\"standard\" width=\"450\" show_faces=\"false\" font=\"arial\" action=\"like\" colorscheme=\"dark\"><\/fb:like><\/div>","protected":false},"excerpt":{"rendered":"<p>tca@tcacontabil.com.br Av. Santos Dumont, 19, 2\u00ba Andar, Sala 01, Bairro Ros\u00e1rio de F\u00e1tima, Serra, ES, CEP:29161-145. Ponto de Refer\u00eancia:\u00a0 atr\u00e1s do Banestes Ag 0205 Carapina entre a Rua M. e Rua S\u00e3o Domingos, em frente ao Material de Constru\u00e7\u00e3o Carraras. Telefones: 55 27 9818502-01 \/ 55 27 99946-0720 Share on: WhatsApp<\/p>\n","protected":false},"author":1,"featured_media":0,"parent":0,"menu_order":0,"comment_status":"open","ping_status":"open","template":"","meta":{"footnotes":""},"class_list":["post-114","page","type-page","status-publish","hentry"],"_links":{"self":[{"href":"http:\/\/www.tcacontabil.com.br\/wordpress\/wp-json\/wp\/v2\/pages\/114","targetHints":{"allow":["GET"]}}],"collection":[{"href":"http:\/\/www.tcacontabil.com.br\/wordpress\/wp-json\/wp\/v2\/pages"}],"about":[{"href":"http:\/\/www.tcacontabil.com.br\/wordpress\/wp-json\/wp\/v2\/types\/page"}],"author":[{"embeddable":true,"href":"http:\/\/www.tcacontabil.com.br\/wordpress\/wp-json\/wp\/v2\/users\/1"}],"replies":[{"embeddable":true,"href":"http:\/\/www.tcacontabil.com.br\/wordpress\/wp-json\/wp\/v2\/comments?post=114"}],"version-history":[{"count":4,"href":"http:\/\/www.tcacontabil.com.br\/wordpress\/wp-json\/wp\/v2\/pages\/114\/revisions"}],"predecessor-version":[{"id":1723,"href":"http:\/\/www.tcacontabil.com.br\/wordpress\/wp-json\/wp\/v2\/pages\/114\/revisions\/1723"}],"wp:attachment":[{"href":"http:\/\/www.tcacontabil.com.br\/wordpress\/wp-json\/wp\/v2\/media?parent=114"}],"curies":[{"name":"wp","href":"https:\/\/api.w.org\/{rel}","templated":true}]}}