{"id":146,"date":"2014-03-18T00:27:00","date_gmt":"2014-03-18T00:27:00","guid":{"rendered":"http:\/\/www.tcacontabil.com.br\/wordpress\/?page_id=146"},"modified":"2021-04-18T10:23:19","modified_gmt":"2021-04-18T13:23:19","slug":"servicos-2","status":"publish","type":"page","link":"http:\/\/www.tcacontabil.com.br\/wordpress\/servicos-2\/","title":{"rendered":"Servi\u00e7os"},"content":{"rendered":"<ul>\n<li>Abertura de empresas.<\/li>\n<li>C\u00e1lculos de Atualiza\u00e7\u00e3o Monet\u00e1ria.<\/li>\n<li>Liquida\u00e7\u00e3o de Senten\u00e7a na seara financeira Civil e trabalhista.<\/li>\n<li>C\u00e1lculos Pje-Calc para advogados.<\/li>\n<li>Declara\u00e7\u00e3o de Imposto de Renda Pessoa F\u00edsica.<\/li>\n<li>Consultoria Cont\u00e1bil.<\/li>\n<li>Imposto de Renda Pessoa F\u00edsica.<\/li>\n<li>Abertura, consultoria, folha de pagamentos de MEI.<\/li>\n<li>Consultoria Pessoa F\u00edsica, elaborando planejamento para organiza\u00e7\u00e3o financeira.<\/li>\n<li>Parcelamentos de D\u00e9bitos Pessoa F\u00edsica junto a Receita Federal.<\/li>\n<li>An\u00e1lise e aposentadoria INSS.<\/li>\n<\/ul>\n\n\n<p><\/p>\n<div class='share-to-whatsapp-wrapper'><div class='share-on-whsp'>Share on: <\/div><a data-text='Servi\u00e7os' data-link='http:\/\/www.tcacontabil.com.br\/wordpress\/servicos-2\/' class='whatsapp-button whatsapp-share'>WhatsApp<\/a><div class='clear '><\/div><\/div><div id=\"wp_fb_like_button\" style=\"margin:5px 0;float:none;height:100px;\"><script src=\"http:\/\/connect.facebook.net\/en_US\/all.js#xfbml=1\"><\/script><fb:like href=\"http:\/\/www.tcacontabil.com.br\/wordpress\/servicos-2\/\" send=\"true\" layout=\"standard\" width=\"450\" show_faces=\"false\" font=\"arial\" action=\"like\" colorscheme=\"dark\"><\/fb:like><\/div>","protected":false},"excerpt":{"rendered":"<p>Abertura de empresas. C\u00e1lculos de Atualiza\u00e7\u00e3o Monet\u00e1ria. Liquida\u00e7\u00e3o de Senten\u00e7a na seara financeira Civil e trabalhista. C\u00e1lculos Pje-Calc para advogados. Declara\u00e7\u00e3o de Imposto de Renda Pessoa F\u00edsica. Consultoria Cont\u00e1bil. Imposto de Renda Pessoa F\u00edsica. Abertura, consultoria, folha de pagamentos de MEI. Consultoria Pessoa F\u00edsica, elaborando planejamento para organiza\u00e7\u00e3o financeira. Parcelamentos de D\u00e9bitos Pessoa F\u00edsica junto a Receita Federal. An\u00e1lise e aposentadoria INSS. Share on: WhatsApp<\/p>\n","protected":false},"author":1,"featured_media":0,"parent":0,"menu_order":0,"comment_status":"open","ping_status":"open","template":"","meta":{"footnotes":""},"class_list":["post-146","page","type-page","status-publish","hentry"],"_links":{"self":[{"href":"http:\/\/www.tcacontabil.com.br\/wordpress\/wp-json\/wp\/v2\/pages\/146","targetHints":{"allow":["GET"]}}],"collection":[{"href":"http:\/\/www.tcacontabil.com.br\/wordpress\/wp-json\/wp\/v2\/pages"}],"about":[{"href":"http:\/\/www.tcacontabil.com.br\/wordpress\/wp-json\/wp\/v2\/types\/page"}],"author":[{"embeddable":true,"href":"http:\/\/www.tcacontabil.com.br\/wordpress\/wp-json\/wp\/v2\/users\/1"}],"replies":[{"embeddable":true,"href":"http:\/\/www.tcacontabil.com.br\/wordpress\/wp-json\/wp\/v2\/comments?post=146"}],"version-history":[{"count":5,"href":"http:\/\/www.tcacontabil.com.br\/wordpress\/wp-json\/wp\/v2\/pages\/146\/revisions"}],"predecessor-version":[{"id":1833,"href":"http:\/\/www.tcacontabil.com.br\/wordpress\/wp-json\/wp\/v2\/pages\/146\/revisions\/1833"}],"wp:attachment":[{"href":"http:\/\/www.tcacontabil.com.br\/wordpress\/wp-json\/wp\/v2\/media?parent=146"}],"curies":[{"name":"wp","href":"https:\/\/api.w.org\/{rel}","templated":true}]}}