{"id":159,"date":"2014-03-18T14:29:23","date_gmt":"2014-03-18T14:29:23","guid":{"rendered":"http:\/\/www.tcacontabil.com.br\/wordpress\/?page_id=159"},"modified":"2022-08-03T15:39:24","modified_gmt":"2022-08-03T18:39:24","slug":"certidoes-negativas","status":"publish","type":"page","link":"http:\/\/www.tcacontabil.com.br\/wordpress\/certidoes-negativas\/","title":{"rendered":"Certid\u00f5es Negativas"},"content":{"rendered":"<p><a style=\"line-height: 1.5;\" title=\"Certid\u00e3o Estadual ES\" href=\"http:\/\/internet.sefaz.es.gov.br\/agenciavirtual\/area_publica\/cnd\/emissao.php\" target=\"_blank\" rel=\"noopener noreferrer\">Certid\u00e3o Estadual do Esp\u00edrito Santo<\/a><\/p>\n<p><a title=\"Certid\u00e3o PMV\" href=\"https:\/\/tributario.vitoria.es.gov.br\/Servicos\/CertidaoNegativa\/CertidaoNegativa.aspx\" target=\"_blank\" rel=\"noopener noreferrer\">Certid\u00e3o da Prefeitura Municipal de Vit\u00f3ria<\/a><\/p>\n<p><a title=\"Certid\u00e3o PMVV\" href=\"http:\/\/cidadao.vilavelha.es.gov.br:8080\/cidadao\/servlet\/br.com.cetil.ar.jvlle.hatendimento\" target=\"_blank\" rel=\"noopener noreferrer\">Certid\u00e3o da Prefeitura Municipal de Vila Velha<\/a><\/p>\n<p><a href=\"http:\/\/apps.serra.es.gov.br:8080\/tbw\/loginWeb.jsp?execobj=ServicoCertidaoNegativaUnico\" target=\"_blank\" rel=\"noopener noreferrer\">Certid\u00e3o da Prefeitura Municipal da Serra<\/a><\/p>\n<p><a title=\"Certid\u00e3o RFB\" href=\"https:\/\/solucoes.receita.fazenda.gov.br\/Servicos\/certidaointernet\/PJ\/Emitir\" target=\"_blank\" rel=\"noopener noreferrer\">Certid\u00e3o da Receita Federal e Conjunta<\/a><\/p>\n<p><a href=\"https:\/\/consulta-crf.caixa.gov.br\/consultacrf\/pages\/consultaEmpregador.jsf\" target=\"_blank\" rel=\"noopener noreferrer\">Certid\u00e3o Caixa Economica Federal (CND FGTS)<\/a><\/p>\n<p><a href=\"http:\/\/www.tst.jus.br\/certidao\" target=\"_blank\" rel=\"noopener noreferrer\">Certid\u00e3o Negativa de D\u00e9bitos Trabalhista (TST)<\/a><\/p>\n<p><a href=\"https:\/\/solucoes.receita.fazenda.gov.br\/Servicos\/certidaointernet\/PF\/Emitir\" target=\"_blank\" rel=\"noopener noreferrer\">Certid\u00e3o Negativa Pessoa F\u00edsica Receita Federal do Brasil<\/a><\/p>\n<p><a href=\"https:\/\/sistemas.tjes.jus.br\/certidaonegativa\/sistemas\/certidao\/CERTIDAOPESQUISA.cfm\" target=\"_blank\" rel=\"noopener noreferrer\">Certid\u00e3o Negativa 1 e 2 instancia C\u00edvel &#8211; Criminal e outros<\/a><\/p>\n\n\n<h2 class=\"wp-block-heading\">Certid\u00f5es Outras Cidades e Estados<\/h2>\n\n\n\n<ul class=\"wp-block-list\"><li><a href=\"https:\/\/portal.fazenda.sp.gov.br\/servicos\/certidoes\/Paginas\/Servicos.aspx\" target=\"_blank\" rel=\"noreferrer noopener\">Certid\u00e3o Negativa de D\u00e9bitos Receita Estadual de SP<\/a><\/li><\/ul>\n\n\n\n<ul class=\"wp-block-list\"><li><a href=\"https:\/\/www4.fazenda.rj.gov.br\/certidao-fiscal-web\/emitirCertidao.jsf\" target=\"_blank\" rel=\"noreferrer noopener\">Certid\u00e3o Negativa de D\u00e9bitos Receita Estadual de RJ<\/a><\/li><\/ul>\n\n\n\n<p><\/p>\n<div class='share-to-whatsapp-wrapper'><div class='share-on-whsp'>Share on: <\/div><a data-text='Certid\u00f5es Negativas' data-link='http:\/\/www.tcacontabil.com.br\/wordpress\/certidoes-negativas\/' class='whatsapp-button whatsapp-share'>WhatsApp<\/a><div class='clear '><\/div><\/div><div id=\"wp_fb_like_button\" style=\"margin:5px 0;float:none;height:100px;\"><script src=\"http:\/\/connect.facebook.net\/en_US\/all.js#xfbml=1\"><\/script><fb:like href=\"http:\/\/www.tcacontabil.com.br\/wordpress\/certidoes-negativas\/\" send=\"true\" layout=\"standard\" width=\"450\" show_faces=\"false\" font=\"arial\" action=\"like\" colorscheme=\"dark\"><\/fb:like><\/div>","protected":false},"excerpt":{"rendered":"<p>Certid\u00e3o Estadual do Esp\u00edrito Santo Certid\u00e3o da Prefeitura Municipal de Vit\u00f3ria Certid\u00e3o da Prefeitura Municipal de Vila Velha Certid\u00e3o da Prefeitura Municipal da Serra Certid\u00e3o da Receita Federal e Conjunta Certid\u00e3o Caixa Economica Federal (CND FGTS) Certid\u00e3o Negativa de D\u00e9bitos Trabalhista (TST) Certid\u00e3o Negativa Pessoa F\u00edsica Receita Federal do Brasil Certid\u00e3o Negativa 1 e 2 instancia C\u00edvel &#8211; Criminal e outros Certid\u00f5es Outras Cidades e Estados Certid\u00e3o Negativa de D\u00e9bitos Receita Estadual de SP Certid\u00e3o Negativa de D\u00e9bitos Receita Estadual de RJ Share on: WhatsApp<\/p>\n","protected":false},"author":1,"featured_media":0,"parent":0,"menu_order":0,"comment_status":"open","ping_status":"open","template":"","meta":{"footnotes":""},"class_list":["post-159","page","type-page","status-publish","hentry"],"_links":{"self":[{"href":"http:\/\/www.tcacontabil.com.br\/wordpress\/wp-json\/wp\/v2\/pages\/159","targetHints":{"allow":["GET"]}}],"collection":[{"href":"http:\/\/www.tcacontabil.com.br\/wordpress\/wp-json\/wp\/v2\/pages"}],"about":[{"href":"http:\/\/www.tcacontabil.com.br\/wordpress\/wp-json\/wp\/v2\/types\/page"}],"author":[{"embeddable":true,"href":"http:\/\/www.tcacontabil.com.br\/wordpress\/wp-json\/wp\/v2\/users\/1"}],"replies":[{"embeddable":true,"href":"http:\/\/www.tcacontabil.com.br\/wordpress\/wp-json\/wp\/v2\/comments?post=159"}],"version-history":[{"count":21,"href":"http:\/\/www.tcacontabil.com.br\/wordpress\/wp-json\/wp\/v2\/pages\/159\/revisions"}],"predecessor-version":[{"id":1949,"href":"http:\/\/www.tcacontabil.com.br\/wordpress\/wp-json\/wp\/v2\/pages\/159\/revisions\/1949"}],"wp:attachment":[{"href":"http:\/\/www.tcacontabil.com.br\/wordpress\/wp-json\/wp\/v2\/media?parent=159"}],"curies":[{"name":"wp","href":"https:\/\/api.w.org\/{rel}","templated":true}]}}