{"id":170,"date":"2014-03-18T14:33:10","date_gmt":"2014-03-18T14:33:10","guid":{"rendered":"http:\/\/www.tcacontabil.com.br\/wordpress\/?page_id=170"},"modified":"2021-06-30T15:16:09","modified_gmt":"2021-06-30T18:16:09","slug":"a-empresa-2","status":"publish","type":"page","link":"http:\/\/www.tcacontabil.com.br\/wordpress\/a-empresa-2\/","title":{"rendered":"A Empresa"},"content":{"rendered":"<p style=\"text-align: justify;\">H\u00e1 mais de trinta anos no mercado, atendendo grandes, m\u00e9dias e pequenas empresas em toda Grande Vit\u00f3ria, a TCA Contabilidade tem como objetivo n\u00e3o s\u00f3 cumprir com as obriga\u00e7\u00f5es governamentais, assim como auxiliar nossos clientes no seu dia-a-dia, contribuindo assim com seu neg\u00f3cio,\u00a0 proporcionando suas tomadas de decis\u00f5es, mais seguras.<\/p>\n<div class='share-to-whatsapp-wrapper'><div class='share-on-whsp'>Share on: <\/div><a data-text='A Empresa' data-link='http:\/\/www.tcacontabil.com.br\/wordpress\/a-empresa-2\/' class='whatsapp-button whatsapp-share'>WhatsApp<\/a><div class='clear '><\/div><\/div><div id=\"wp_fb_like_button\" style=\"margin:5px 0;float:none;height:100px;\"><script src=\"http:\/\/connect.facebook.net\/en_US\/all.js#xfbml=1\"><\/script><fb:like href=\"http:\/\/www.tcacontabil.com.br\/wordpress\/a-empresa-2\/\" send=\"true\" layout=\"standard\" width=\"450\" show_faces=\"false\" font=\"arial\" action=\"like\" colorscheme=\"dark\"><\/fb:like><\/div>","protected":false},"excerpt":{"rendered":"<p>H\u00e1 mais de trinta anos no mercado, atendendo grandes, m\u00e9dias e pequenas empresas em toda Grande Vit\u00f3ria, a TCA Contabilidade tem como objetivo n\u00e3o s\u00f3 cumprir com as obriga\u00e7\u00f5es governamentais, assim como auxiliar nossos clientes no seu dia-a-dia, contribuindo assim com seu neg\u00f3cio,\u00a0 proporcionando suas tomadas de decis\u00f5es, mais seguras. Share on: WhatsApp<\/p>\n","protected":false},"author":1,"featured_media":0,"parent":0,"menu_order":0,"comment_status":"open","ping_status":"open","template":"","meta":{"footnotes":""},"class_list":["post-170","page","type-page","status-publish","hentry"],"_links":{"self":[{"href":"http:\/\/www.tcacontabil.com.br\/wordpress\/wp-json\/wp\/v2\/pages\/170","targetHints":{"allow":["GET"]}}],"collection":[{"href":"http:\/\/www.tcacontabil.com.br\/wordpress\/wp-json\/wp\/v2\/pages"}],"about":[{"href":"http:\/\/www.tcacontabil.com.br\/wordpress\/wp-json\/wp\/v2\/types\/page"}],"author":[{"embeddable":true,"href":"http:\/\/www.tcacontabil.com.br\/wordpress\/wp-json\/wp\/v2\/users\/1"}],"replies":[{"embeddable":true,"href":"http:\/\/www.tcacontabil.com.br\/wordpress\/wp-json\/wp\/v2\/comments?post=170"}],"version-history":[{"count":6,"href":"http:\/\/www.tcacontabil.com.br\/wordpress\/wp-json\/wp\/v2\/pages\/170\/revisions"}],"predecessor-version":[{"id":1820,"href":"http:\/\/www.tcacontabil.com.br\/wordpress\/wp-json\/wp\/v2\/pages\/170\/revisions\/1820"}],"wp:attachment":[{"href":"http:\/\/www.tcacontabil.com.br\/wordpress\/wp-json\/wp\/v2\/media?parent=170"}],"curies":[{"name":"wp","href":"https:\/\/api.w.org\/{rel}","templated":true}]}}