{"id":999,"date":"2016-12-06T08:31:44","date_gmt":"2016-12-06T11:31:44","guid":{"rendered":"http:\/\/www.tcacontabil.com.br\/wordpress\/?page_id=999"},"modified":"2021-05-09T16:36:46","modified_gmt":"2021-05-09T19:36:46","slug":"downloads","status":"publish","type":"page","link":"http:\/\/www.tcacontabil.com.br\/wordpress\/downloads\/","title":{"rendered":"Downloads"},"content":{"rendered":"<p>Downloads<\/p>\n<ul>\n<li><a href=\"http:\/\/www.tcacontabil.com.br\/wordpress\/ficha-de-contratacao-esocial-2\/\" target=\"_blank\" rel=\"noopener noreferrer\">Ficha de Contrata\u00e7\u00e3o de Funcion\u00e1rios<\/a><\/li>\n<li><a class=\"rd-pdf\" href=\"http:\/\/www.tcacontabil.com.br\/wordpress\/informativo-extraordinario-esocial\/\" target=\"_blank\" rel=\"noopener noreferrer\">Informativo Extraordin\u00e1rio eSocial 13\/08\/2019<\/a><\/li>\n<li><a class=\"rd-pdf\" href=\"http:\/\/www.tcacontabil.com.br\/wordpress\/informativo-aos-clientes-3\/\" target=\"_blank\" rel=\"noopener noreferrer\">Informativo aos Clientes 13\/08\/2019<\/a><\/li>\n<li><a href=\"http:\/\/www.tcacontabil.com.br\/wordpress\/wp-content\/uploads\/2015\/12\/kit-pdf.zip\" target=\"_blank\" rel=\"noopener noreferrer\">Leitor de PDFs<\/a><\/li>\n<li>AnyDesk<\/li>\n<li><a href=\"http:\/\/www.tcacontabil.com.br\/wordpress\/passo-a-passo-ctps-digital-app-e-web-3\/\">Passo a Passo CTPS Digital<\/a><\/li>\n<\/ul>\n\n\n<p><\/p>\n<div class='share-to-whatsapp-wrapper'><div class='share-on-whsp'>Share on: <\/div><a data-text='Downloads' data-link='http:\/\/www.tcacontabil.com.br\/wordpress\/downloads\/' class='whatsapp-button whatsapp-share'>WhatsApp<\/a><div class='clear '><\/div><\/div><div id=\"wp_fb_like_button\" style=\"margin:5px 0;float:none;height:100px;\"><script src=\"http:\/\/connect.facebook.net\/en_US\/all.js#xfbml=1\"><\/script><fb:like href=\"http:\/\/www.tcacontabil.com.br\/wordpress\/downloads\/\" send=\"true\" layout=\"standard\" width=\"450\" show_faces=\"false\" font=\"arial\" action=\"like\" colorscheme=\"dark\"><\/fb:like><\/div>","protected":false},"excerpt":{"rendered":"<p>Downloads Ficha de Contrata\u00e7\u00e3o de Funcion\u00e1rios Informativo Extraordin\u00e1rio eSocial 13\/08\/2019 Informativo aos Clientes 13\/08\/2019 Leitor de PDFs AnyDesk Passo a Passo CTPS Digital Share on: WhatsApp<\/p>\n","protected":false},"author":1,"featured_media":0,"parent":0,"menu_order":0,"comment_status":"closed","ping_status":"closed","template":"","meta":{"footnotes":""},"class_list":["post-999","page","type-page","status-publish","hentry"],"_links":{"self":[{"href":"http:\/\/www.tcacontabil.com.br\/wordpress\/wp-json\/wp\/v2\/pages\/999","targetHints":{"allow":["GET"]}}],"collection":[{"href":"http:\/\/www.tcacontabil.com.br\/wordpress\/wp-json\/wp\/v2\/pages"}],"about":[{"href":"http:\/\/www.tcacontabil.com.br\/wordpress\/wp-json\/wp\/v2\/types\/page"}],"author":[{"embeddable":true,"href":"http:\/\/www.tcacontabil.com.br\/wordpress\/wp-json\/wp\/v2\/users\/1"}],"replies":[{"embeddable":true,"href":"http:\/\/www.tcacontabil.com.br\/wordpress\/wp-json\/wp\/v2\/comments?post=999"}],"version-history":[{"count":14,"href":"http:\/\/www.tcacontabil.com.br\/wordpress\/wp-json\/wp\/v2\/pages\/999\/revisions"}],"predecessor-version":[{"id":1799,"href":"http:\/\/www.tcacontabil.com.br\/wordpress\/wp-json\/wp\/v2\/pages\/999\/revisions\/1799"}],"wp:attachment":[{"href":"http:\/\/www.tcacontabil.com.br\/wordpress\/wp-json\/wp\/v2\/media?parent=999"}],"curies":[{"name":"wp","href":"https:\/\/api.w.org\/{rel}","templated":true}]}}